{"id":33,"date":"2021-12-17T18:24:45","date_gmt":"2021-12-17T18:24:45","guid":{"rendered":"https:\/\/gentar.hu\/files\/archivum\/"},"modified":"2022-03-30T22:43:09","modified_gmt":"2022-03-30T22:43:09","slug":"archivum","status":"publish","type":"page","link":"https:\/\/gentar.hu\/files\/archivum\/","title":{"rendered":"ARCH\u00cdVUM"},"content":{"rendered":"\n    \n    <section class=\"u-clearfix u-grey-10 u-section-2\" id=\"carousel_2e09\">\n      <div class=\"u-clearfix u-sheet u-valign-middle-lg u-valign-middle-xl u-sheet-1\">\n        <div class=\"u-clearfix u-expanded-width-lg u-gutter-10 u-layout-wrap u-layout-wrap-1\">\n          <div class=\"u-gutter-0 u-layout\">\n            <div class=\"u-layout-row\">\n              <div class=\"u-container-style u-image u-image-default u-layout-cell u-size-15-lg u-size-15-xl u-size-23-md u-size-23-sm u-size-23-xs u-image-1\" data-image-width=\"700\" data-image-height=\"466\" data-href=\"https:\/\/okoforras.blog.hu\" data-target=\"_blank\" style=\"background-image: url(&quot;https:\/\/gentar.hu\/files\/wp-content\/uploads\/2022\/01\/okoforr_archive.jpg&quot;);\">\n                <div class=\"u-container-layout u-container-layout-1\"><\/div>\n              <\/div>\n              <div class=\"u-align-center-sm u-align-center-xs u-container-style u-layout-cell u-shape-rectangle u-size-37-md u-size-37-sm u-size-37-xs u-size-45-lg u-size-45-xl u-layout-cell-2\">\n                <div class=\"u-container-layout u-container-layout-2\">\n                  <p class=\"u-text u-text-1\">\n                    <a class=\"u-active-none u-border-none u-btn u-button-link u-button-style u-hover-none u-none u-text-palette-1-base u-btn-1\" href=\"https:\/\/okoforras.blog.hu\" target=\"_blank\">\u00d6ko-Forr\u00e1s Alap\u00edtv\u00e1ny kor\u00e1bbi honlap<\/a>\n                  <\/p>\n                <\/div>\n              <\/div>\n            <\/div>\n          <\/div>\n        <\/div>\n      <\/div>\n    <\/section>\n    <section class=\"u-clearfix u-grey-5 u-section-3\" id=\"carousel_c8c3\">\n      <div class=\"u-clearfix u-sheet u-valign-middle-lg u-valign-middle-md u-valign-middle-xl u-sheet-1\">\n        <div class=\"u-clearfix u-expanded-width-lg u-gutter-10 u-layout-wrap u-layout-wrap-1\">\n          <div class=\"u-gutter-0 u-layout\">\n            <div class=\"u-layout-row\">\n              <div class=\"u-container-style u-image u-image-default u-layout-cell u-size-15-lg u-size-15-xl u-size-23-md u-size-23-sm u-size-23-xs u-image-1\" data-image-width=\"700\" data-image-height=\"466\" data-href=\"http:\/\/www.mgegodollo.hu\" data-target=\"_blank\" style=\"background-image: url(&quot;https:\/\/gentar.hu\/files\/wp-content\/uploads\/2022\/01\/mge_archive.jpg&quot;);\">\n                <div class=\"u-container-layout u-container-layout-1\"><\/div>\n              <\/div>\n              <div class=\"u-align-center-sm u-align-center-xs u-container-style u-layout-cell u-shape-rectangle u-size-37-md u-size-37-sm u-size-37-xs u-size-45-lg u-size-45-xl u-layout-cell-2\">\n                <div class=\"u-container-layout u-container-layout-2\">\n                  <p class=\"u-text u-text-1\">\n                    <a class=\"u-active-none u-border-none u-btn u-button-link u-button-style u-hover-none u-none u-text-palette-1-base u-btn-1\" href=\"http:\/\/www.mgegodollo.hu\" target=\"_blank\">MGE kor\u00e1bbi honlap<\/a>\n                  <\/p>\n                <\/div>\n              <\/div>\n            <\/div>\n          <\/div>\n        <\/div>\n      <\/div>\n    <\/section>\n    <section class=\"u-clearfix u-grey-10 u-section-4\" id=\"sec-4e36\">\n      <div class=\"u-clearfix u-sheet u-sheet-1\"><\/div>\n    <\/section>\n    \n    \n  \n","protected":false},"excerpt":{"rendered":"<p>\u00d6ko-Forr\u00e1s Alap\u00edtv\u00e1ny kor\u00e1bbi honlap MGE kor\u00e1bbi honlap<\/p>\n","protected":false},"author":1,"featured_media":0,"parent":0,"menu_order":3,"comment_status":"closed","ping_status":"closed","template":"","meta":{"footnotes":""},"class_list":["post-33","page","type-page","status-publish","hentry"],"_links":{"self":[{"href":"https:\/\/gentar.hu\/files\/wp-json\/wp\/v2\/pages\/33","targetHints":{"allow":["GET"]}}],"collection":[{"href":"https:\/\/gentar.hu\/files\/wp-json\/wp\/v2\/pages"}],"about":[{"href":"https:\/\/gentar.hu\/files\/wp-json\/wp\/v2\/types\/page"}],"author":[{"embeddable":true,"href":"https:\/\/gentar.hu\/files\/wp-json\/wp\/v2\/users\/1"}],"replies":[{"embeddable":true,"href":"https:\/\/gentar.hu\/files\/wp-json\/wp\/v2\/comments?post=33"}],"version-history":[{"count":5,"href":"https:\/\/gentar.hu\/files\/wp-json\/wp\/v2\/pages\/33\/revisions"}],"predecessor-version":[{"id":111,"href":"https:\/\/gentar.hu\/files\/wp-json\/wp\/v2\/pages\/33\/revisions\/111"}],"wp:attachment":[{"href":"https:\/\/gentar.hu\/files\/wp-json\/wp\/v2\/media?parent=33"}],"curies":[{"name":"wp","href":"https:\/\/api.w.org\/{rel}","templated":true}]}}