{"id":343,"date":"2024-04-20T19:48:05","date_gmt":"2024-04-20T19:48:05","guid":{"rendered":"https:\/\/gentar.hu\/mge\/?page_id=343"},"modified":"2025-11-12T12:31:37","modified_gmt":"2025-11-12T12:31:37","slug":"contacts","status":"publish","type":"page","link":"https:\/\/gentar.hu\/mge\/contacts\/","title":{"rendered":"Contacts"},"content":{"rendered":"\n    \n    <section class=\"u-clearfix u-section-2\" id=\"sec-c68b\">\n      <div class=\"u-clearfix u-sheet u-sheet-1\"><\/div>\n    <\/section>\n    <section class=\"u-align-center u-clearfix u-hidden-xs u-section-3\" id=\"sec-f8eb\">\n      <div class=\"u-clearfix u-sheet u-sheet-1\">\n        <div class=\"u-expanded-width u-table u-table-responsive u-table-1\">\n          <table class=\"u-table-entity u-table-entity-1\">\n            <colgroup>\n              <col width=\"23.1%\">\n              <col width=\"39.8%\">\n              <col width=\"15.6%\">\n              <col width=\"21.5%\">\n            <\/colgroup>\n            <tbody class=\"u-table-alt-custom-color-9 u-table-body u-table-body-1\">\n              <tr style=\"height: 32px;\">\n                <td class=\"u-custom-color-15 u-table-cell u-table-cell-1\"> Eln\u00f6ks\u00e9g \u00e9s eln\u00f6ks\u00e9gi tagok<\/td>\n                <td class=\"u-custom-color-15 u-table-cell u-table-cell-2\"><\/td>\n                <td class=\"u-custom-color-15 u-table-cell u-table-cell-3\"><\/td>\n                <td class=\"u-custom-color-15 u-table-cell u-table-cell-4\"><\/td>\n              <\/tr>\n              <tr style=\"height: 32px;\">\n                <td class=\"u-custom-color-13 u-table-cell u-table-cell-5\">N\u00e9v<\/td>\n                <td class=\"u-custom-color-13 u-table-cell u-table-cell-6\">Munkak\u00f6r<\/td>\n                <td class=\"u-custom-color-13 u-table-cell u-table-cell-7\">Telefon<\/td>\n                <td class=\"u-custom-color-13 u-table-cell u-table-cell-8\">Email c\u00edm<\/td>\n              <\/tr>\n              <tr style=\"height: 35px;\">\n                <td class=\"u-table-cell u-table-cell-9\"> Kopp\u00e1ny G\u00e1bor<\/td>\n                <td class=\"u-table-cell u-table-cell-10\"> Eln\u00f6k<\/td>\n                <td class=\"u-table-cell u-table-cell-11\"><\/td>\n                <td class=\"u-table-cell u-table-cell-12\">\n                  <a href=\"mailto:koppanyg52@gmail.com\" class=\"u-active-none u-border-none u-btn u-button-style u-hover-none u-none u-text-palette-1-base u-btn-1\">koppanyg52@gmail.com<\/a>\n                <\/td>\n              <\/tr>\n              <tr style=\"height: 35px;\">\n                <td class=\"u-table-cell u-table-cell-13\"> Barta Ildik\u00f3<\/td>\n                <td class=\"u-table-cell u-table-cell-14\"> Baromfi\n  Teny\u00e9szt\u00e9svezet\u0151, Eln\u00f6ks\u00e9gi tag <\/td>\n                <td class=\"u-table-cell u-table-cell-15\"> 30\/6644463<\/td>\n                <td class=\"u-table-cell u-table-cell-16\">\n                  <a class=\"u-active-none u-border-none u-btn u-button-link u-button-style u-hover-none u-none u-text-palette-1-base u-btn-2\" href=\"mailto:ibarta8@gmail.com\">barta.mge@gmail.com<\/a>\n                <\/td>\n              <\/tr>\n              <tr style=\"height: 35px;\">\n                <td class=\"u-table-cell u-table-cell-17\"> Koll\u00e1rn\u00e9 Jilly S\u00e1ra <\/td>\n                <td class=\"u-table-cell u-table-cell-18\"> Vizisz\u00e1rnyas\n  Teny\u00e9szt\u00e9svezet\u0151, Eln\u00f6ks\u00e9gi tag <\/td>\n                <td class=\"u-table-cell u-table-cell-19\"> 20\/5344863 <\/td>\n                <td class=\"u-table-cell u-table-cell-20\">\n                  <a href=\"mailto:jillysara.mge@gmail.com\" class=\"u-active-none u-border-none u-btn u-button-style u-hover-none u-none u-text-palette-1-base u-btn-3\">jillysara.mge@gmail.com<\/a>\n                <\/td>\n              <\/tr>\n              <tr style=\"height: 35px;\">\n                <td class=\"u-table-cell u-table-cell-21\"> Haj\u00f3sovics Gy\u00f6rgy <\/td>\n                <td class=\"u-table-cell u-table-cell-22\"> Eln\u00f6ks\u00e9gi tag <\/td>\n                <td class=\"u-table-cell u-table-cell-23\"><\/td>\n                <td class=\"u-table-cell u-table-cell-24\"><\/td>\n              <\/tr>\n              <tr style=\"height: 35px;\">\n                <td class=\"u-table-cell u-table-cell-25\"> G\u00e1l-N\u00e9meth Gabriella<\/td>\n                <td class=\"u-table-cell u-table-cell-26\"> Eln\u00f6ks\u00e9gi tag<\/td>\n                <td class=\"u-table-cell u-table-cell-27\"><\/td>\n                <td class=\"u-table-cell u-table-cell-28\"><\/td>\n              <\/tr>\n              <tr style=\"height: 35px;\">\n                <td class=\"u-table-cell u-white u-table-cell-29\"><\/td>\n                <td class=\"u-table-cell u-white u-table-cell-30\"><\/td>\n                <td class=\"u-table-cell u-white u-table-cell-31\"><\/td>\n                <td class=\"u-table-cell u-white u-table-cell-32\"><\/td>\n              <\/tr>\n              <tr style=\"height: 32px;\">\n                <td class=\"u-table-cell u-table-cell-33\"> FEL\u00dcGYEL\u0150 BIZOTTS\u00c1G <\/td>\n                <td class=\"u-table-cell u-table-cell-34\"><\/td>\n                <td class=\"u-table-cell u-table-cell-35\"><\/td>\n                <td class=\"u-table-cell u-table-cell-36\"><\/td>\n              <\/tr>\n              <tr style=\"height: 35px;\">\n                <td class=\"u-custom-color-13 u-table-cell u-table-cell-37\"> N\u00e9v<\/td>\n                <td class=\"u-custom-color-13 u-table-cell u-table-cell-38\"> Munkak\u00f6r<\/td>\n                <td class=\"u-custom-color-13 u-table-cell u-table-cell-39\"> Telefon<\/td>\n                <td class=\"u-custom-color-13 u-table-cell u-table-cell-40\">Email c\u00edm <\/td>\n              <\/tr>\n              <tr style=\"height: 35px;\">\n                <td class=\"u-table-cell u-table-cell-41\"> Katona Zolt\u00e1n <\/td>\n                <td class=\"u-table-cell u-table-cell-42\"> Fel\u00fcgyel\u0151\n  biztotts\u00e1g eln\u00f6ke <\/td>\n                <td class=\"u-table-cell u-table-cell-43\"><\/td>\n                <td class=\"u-table-cell u-table-cell-44\"><\/td>\n              <\/tr>\n              <tr style=\"height: 35px;\">\n                <td class=\"u-table-cell u-table-cell-45\">Kis Zsuzsanna<\/td>\n                <td class=\"u-table-cell u-table-cell-46\"> Fel\u00fcgyel\u0151 bizotts\u00e1gi tag <\/td>\n                <td class=\"u-table-cell u-table-cell-47\"><\/td>\n                <td class=\"u-table-cell u-table-cell-48\"><\/td>\n              <\/tr>\n              <tr style=\"height: 35px;\">\n                <td class=\"u-table-cell u-table-cell-49\"> Magyar Mikl\u00f3s<\/td>\n                <td class=\"u-table-cell u-table-cell-50\"> Fel\u00fcgyel\u0151\n  bizotts\u00e1gi tag <\/td>\n                <td class=\"u-table-cell u-table-cell-51\"><\/td>\n                <td class=\"u-table-cell u-table-cell-52\"><\/td>\n              <\/tr>\n              <tr style=\"height: 35px;\">\n                <td class=\"u-table-cell u-table-cell-53\"><\/td>\n                <td class=\"u-table-cell u-table-cell-54\"><\/td>\n                <td class=\"u-table-cell u-table-cell-55\"><\/td>\n                <td class=\"u-table-cell u-table-cell-56\"><\/td>\n              <\/tr>\n            <\/tbody>\n          <\/table>\n        <\/div>\n        <div class=\"u-expanded-width u-table u-table-responsive u-table-2\">\n          <table class=\"u-table-entity\">\n            <colgroup>\n              <col width=\"23.1%\">\n              <col width=\"39.8%\">\n              <col width=\"15.6%\">\n              <col width=\"21.5%\">\n            <\/colgroup>\n            <tbody class=\"u-table-alt-custom-color-9 u-table-body u-table-body-2\">\n              <tr style=\"height: 37px;\">\n                <td class=\"u-table-cell u-table-cell-57\">MUNKAT\u00c1RSAK <\/td>\n                <td class=\"u-table-cell u-table-cell-58\"><\/td>\n                <td class=\"u-table-cell u-table-cell-59\"><\/td>\n                <td class=\"u-table-cell u-table-cell-60\"><\/td>\n              <\/tr>\n              <tr style=\"height: 37px;\">\n                <td class=\"u-custom-color-24 u-table-cell u-table-cell-61\"> N\u00c9V<\/td>\n                <td class=\"u-custom-color-24 u-table-cell u-table-cell-62\"> Munkak\u00f6r<\/td>\n                <td class=\"u-custom-color-24 u-table-cell u-table-cell-63\">TELEFON <\/td>\n                <td class=\"u-custom-color-24 u-table-cell u-table-cell-64\">EMAIL C\u00cdM <\/td>\n              <\/tr>\n              <tr style=\"height: 37px;\">\n                <td class=\"u-table-cell u-table-cell-65\"> Dr Em\u0151di Andrea <\/td>\n                <td class=\"u-table-cell u-table-cell-66\"> \u00dcgyvezet\u0151 Igazgat\u00f3,\n  p\u00e1ly\u00e1zati szakreferens <\/td>\n                <td class=\"u-table-cell u-table-cell-67\"> 30\/3584835 <\/td>\n                <td class=\"u-table-cell u-table-cell-68\">\n                  <a href=\"mailto:emodi.mge@gmail.com\" class=\"u-active-none u-border-none u-btn u-button-style u-hover-none u-none u-text-palette-1-base u-btn-4\">emodi.mge@gmail.com<\/a>\n                <\/td>\n              <\/tr>\n              <tr style=\"height: 37px;\">\n                <td class=\"u-table-cell u-table-cell-69\"> Dr Kopp\u00e1ny Mikl\u00f3s <\/td>\n                <td class=\"u-table-cell u-table-cell-70\"> Jogi K\u00e9pvisel\u0151 <\/td>\n                <td class=\"u-table-cell u-table-cell-71\"><\/td>\n                <td class=\"u-table-cell u-table-cell-72\">\n                  <a href=\"mailto:koppanydr@gmail.com\" class=\"u-active-none u-border-none u-btn u-button-style u-hover-none u-none u-text-palette-1-base u-btn-5\">koppanydr@gmail.com<\/a>\n                <\/td>\n              <\/tr>\n              <tr style=\"height: 37px;\">\n                <td class=\"u-table-cell u-table-cell-73\"><\/td>\n                <td class=\"u-table-cell u-table-cell-74\"><\/td>\n                <td class=\"u-table-cell u-table-cell-75\"><\/td>\n                <td class=\"u-table-cell u-table-cell-76\"><\/td>\n              <\/tr>\n              <tr style=\"height: 42px;\">\n                <td class=\"u-table-cell u-table-cell-77\"><\/td>\n                <td class=\"u-table-cell u-table-cell-78\"><\/td>\n                <td class=\"u-table-cell u-table-cell-79\"><\/td>\n                <td class=\"u-table-cell u-table-cell-80\"><\/td>\n              <\/tr>\n              <tr style=\"height: 37px;\">\n                <td class=\"u-table-cell u-table-cell-81\">Saska T\u00edmea Krisztina <\/td>\n                <td class=\"u-table-cell u-table-cell-82\">Irodavezet\u0151, \u200bTeny\u00e9szt\u00e9sszervez\u00e9si Adminisztr\u00e1tor<\/td>\n                <td class=\"u-table-cell u-table-cell-83\">30\/3282718 <\/td>\n                <td class=\"u-table-cell u-table-cell-84\">\n                  <a class=\"u-active-none u-border-none u-btn u-button-link u-button-style u-hover-none u-none u-text-palette-1-base u-btn-6\" href=\"mailto:mge.iroda@gmail.com\"> mge.iroda@gmail.com<\/a>\n                <\/td>\n              <\/tr>\n              <tr style=\"height: 37px;\">\n                <td class=\"u-table-cell u-table-cell-85\"> Polg\u00e1rn\u00e9 Staud\n  Magdolna <\/td>\n                <td class=\"u-table-cell u-table-cell-86\"> T\u00f6rzsk\u00f6nyvi\n  nyilv\u00e1ntart\u00f3 <\/td>\n                <td class=\"u-table-cell u-table-cell-87\"><\/td>\n                <td class=\"u-table-cell u-table-cell-88\">\n                  <a href=\"mailto:polgarne.mge@gmail.com\" class=\"u-active-none u-border-none u-btn u-button-style u-hover-none u-none u-text-palette-1-base u-btn-7\">polgarne.mge@gmail.com<\/a>\n                <\/td>\n              <\/tr>\n              <tr style=\"height: 37px;\">\n                <td class=\"u-table-cell u-white u-table-cell-89\"> Salikn\u00e9 Basa\n  Mariann <\/td>\n                <td class=\"u-table-cell u-white u-table-cell-90\"> Teny\u00e9szt\u00e9sszervez\u00e9si\n  Adminisztr\u00e1tor, Baromfiteny\u00e9szt\u0151 <\/td>\n                <td class=\"u-table-cell u-white u-table-cell-91\"> 30\/1751206 <\/td>\n                <td class=\"u-table-cell u-white u-table-cell-92\">\n                  <a href=\"mailto:salikne.mge@gmail.com\" class=\"u-active-none u-border-none u-btn u-button-style u-hover-none u-none u-text-palette-1-base u-btn-8\">salikne.mge@gmail.com<\/a>\n                <\/td>\n              <\/tr>\n              <tr style=\"height: 37px;\">\n                <td class=\"u-table-cell u-table-cell-93\"> Szenes P\u00e9ter Zolt\u00e1n <\/td>\n                <td class=\"u-table-cell u-table-cell-94\"> Orsz\u00e1gos\n  Teny\u00e9szt\u00e9si Ellen\u0151r <\/td>\n                <td class=\"u-table-cell u-table-cell-95\"> 20\/5699608 <\/td>\n                <td class=\"u-table-cell u-table-cell-96\">\n                  <a href=\"mailto:szenesp@gmail.com\" class=\"u-active-none u-border-none u-btn u-button-style u-hover-none u-none u-text-palette-1-base u-btn-9\">szenesp@gmail.com<\/a>\n                <\/td>\n              <\/tr>\n              <tr style=\"height: 26px;\">\n                <td class=\"u-table-cell u-table-cell-97\">Salik Tam\u00e1s<\/td>\n                <td class=\"u-table-cell u-table-cell-98\"> Egy\u00e9b M\u0171szaki\n  \u00dcgyint\u00e9z\u0151 <\/td>\n                <td class=\"u-table-cell u-table-cell-99\"><\/td>\n                <td class=\"u-table-cell u-table-cell-100\"><\/td>\n              <\/tr>\n              <tr style=\"height: 37px;\">\n                <td class=\"u-table-cell u-table-cell-101\"> Basa J\u00f3zsef <\/td>\n                <td class=\"u-table-cell u-table-cell-102\"> Baromfiteny\u00e9szt\u0151 <\/td>\n                <td class=\"u-table-cell u-table-cell-103\"><\/td>\n                <td class=\"u-table-cell u-table-cell-104\"><\/td>\n              <\/tr>\n              <tr style=\"height: 37px;\">\n                <td class=\"u-table-cell u-table-cell-105\"> K\u00f6zponti\n  el\u00e9rhet\u0151s\u00e9g <\/td>\n                <td class=\"u-table-cell u-table-cell-106\"><\/td>\n                <td class=\"u-table-cell u-table-cell-107\"> 28\/634146 <\/td>\n                <td class=\"u-table-cell u-table-cell-108\">\n                  <a href=\"mailto:mge.iroda@gmail.com\" class=\"u-active-none u-border-none u-btn u-button-style u-hover-none u-none u-text-palette-1-base u-btn-10\">mge.iroda@gmail.com<\/a>\n                <\/td>\n              <\/tr>\n            <\/tbody>\n          <\/table>\n        <\/div>\n      <\/div>\n    <\/section>\n    <section class=\"u-clearfix u-hidden-lg u-hidden-md u-hidden-sm u-hidden-xl u-section-4\" id=\"sec-6297\">\n      <div class=\"u-clearfix u-sheet u-sheet-1\">\n        <img decoding=\"async\" class=\"u-image u-image-contain u-image-default u-image-1\" src=\"https:\/\/gentar.hu\/mge\/wp-content\/uploads\/2024\/04\/rotatephone.jpg\" alt=\"\" data-image-width=\"416\" data-image-height=\"500\">\n      <\/div>\n    <\/section>\n    \n    \n    \n  \n","protected":false},"excerpt":{"rendered":"<p>Eln\u00f6ks\u00e9g \u00e9s eln\u00f6ks\u00e9gi tagok N\u00e9v Munkak\u00f6r Telefon Email c\u00edm Kopp\u00e1ny G\u00e1bor Eln\u00f6k koppanyg52@gmail.com Barta Ildik\u00f3 Baromfi Teny\u00e9szt\u00e9svezet\u0151, Eln\u00f6ks\u00e9gi tag 30\/6644463 barta.mge@gmail.com Koll\u00e1rn\u00e9 Jilly S\u00e1ra Vizisz\u00e1rnyas Teny\u00e9szt\u00e9svezet\u0151, Eln\u00f6ks\u00e9gi tag 20\/5344863 jillysara.mge@gmail.com Haj\u00f3sovics Gy\u00f6rgy Eln\u00f6ks\u00e9gi tag G\u00e1l-N\u00e9meth Gabriella Eln\u00f6ks\u00e9gi tag FEL\u00dcGYEL\u0150 BIZOTTS\u00c1G N\u00e9v Munkak\u00f6r Telefon Email c\u00edm Katona Zolt\u00e1n Fel\u00fcgyel\u0151 biztotts\u00e1g eln\u00f6ke Kis Zsuzsanna Fel\u00fcgyel\u0151 bizotts\u00e1gi tag &hellip; <a href=\"https:\/\/gentar.hu\/mge\/contacts\/\" class=\"more-link\">Continue reading<span class=\"screen-reader-text\"> &#8222;Contacts&#8221;<\/span><\/a><\/p>\n","protected":false},"author":1,"featured_media":0,"parent":0,"menu_order":0,"comment_status":"closed","ping_status":"closed","template":"","meta":{"footnotes":""},"class_list":["post-343","page","type-page","status-publish","hentry"],"_links":{"self":[{"href":"https:\/\/gentar.hu\/mge\/wp-json\/wp\/v2\/pages\/343","targetHints":{"allow":["GET"]}}],"collection":[{"href":"https:\/\/gentar.hu\/mge\/wp-json\/wp\/v2\/pages"}],"about":[{"href":"https:\/\/gentar.hu\/mge\/wp-json\/wp\/v2\/types\/page"}],"author":[{"embeddable":true,"href":"https:\/\/gentar.hu\/mge\/wp-json\/wp\/v2\/users\/1"}],"replies":[{"embeddable":true,"href":"https:\/\/gentar.hu\/mge\/wp-json\/wp\/v2\/comments?post=343"}],"version-history":[{"count":12,"href":"https:\/\/gentar.hu\/mge\/wp-json\/wp\/v2\/pages\/343\/revisions"}],"predecessor-version":[{"id":651,"href":"https:\/\/gentar.hu\/mge\/wp-json\/wp\/v2\/pages\/343\/revisions\/651"}],"wp:attachment":[{"href":"https:\/\/gentar.hu\/mge\/wp-json\/wp\/v2\/media?parent=343"}],"curies":[{"name":"wp","href":"https:\/\/api.w.org\/{rel}","templated":true}]}}