{"id":38,"date":"2021-12-08T01:19:18","date_gmt":"2021-12-08T01:19:18","guid":{"rendered":"https:\/\/gentar.hu\/mge\/mge\/"},"modified":"2025-10-01T22:11:09","modified_gmt":"2025-10-01T22:11:09","slug":"home","status":"publish","type":"page","link":"https:\/\/gentar.hu\/mge\/","title":{"rendered":"F\u0150OLDAL"},"content":{"rendered":"\n    \n    <section class=\"u-clearfix u-image u-section-2\" id=\"sec-7845\" data-image-width=\"1800\" data-image-height=\"1001\" style=\"background-image: url(&quot;https:\/\/gentar.hu\/mge\/wp-content\/uploads\/2022\/01\/b1.jpg&quot;);\"><\/section>\n    <section class=\"u-align-left u-clearfix u-custom-color-2 u-section-3\" id=\"carousel_e882\">\n      <div class=\"u-clearfix u-sheet u-sheet-1\">\n        <p class=\"u-text u-text-1\"><b>A Magyar Haszon\u00e1llat-G\u00e9nmeg\u0151rz\u0151 Egyes\u00fclet (MGE)<\/b> 1997 \u00f3ta (alap\u00edt\u00f3i nev\u00e9n Magyar Kis\u00e1llatnemes\u00edt\u0151k G\u00e9nmeg\u0151rz\u0151 Egyes\u00fclete) v\u00e9gez g\u00e9nmeg\u0151rz\u00e9si, fajtafenntart\u00e1si tev\u00e9kenys\u00e9get. A r\u00e9gi magyar baromfifajt\u00e1k teny\u00e9szt\u0151 szervezetek\u00e9nt ir\u00e1ny\u00edtja 7 ty\u00fak, 2 pulyka, 1 gy\u00f6ngyty\u00fak, 2 l\u00fad, \u00e9s 2 kacsafajta elit \u00e1llom\u00e1nyainak g\u00e9nmeg\u0151rz\u00e9si, fajtafenntart\u00e1si, g\u00e9nment\u00e9si, t\u00f6rzsk\u00f6nyvez\u00e9si \u00e9s nyilv\u00e1ntart\u00e1si tev\u00e9kenys\u00e9g\u00e9t. 2000-es \u00e9vek elej\u00e9t\u0151l sz\u00e1mos faluprogram keret\u00e9ben juttatott vissza r\u00e9gi magyar baromfifajt\u00e1kat eredeti \u00e9l\u0151hely\u00fckre: a kisfalvak port\u00e1j\u00e1ra.&nbsp;\n        <\/p>\n        <img decoding=\"async\" class=\"u-image u-image-default u-image-1\" src=\"https:\/\/gentar.hu\/mge\/wp-content\/uploads\/2025\/08\/MGElog_2025_.jpg\" alt=\"\" data-image-width=\"654\" data-image-height=\"745\">\n      <\/div>\n    <\/section>\n    <section class=\"skrollable u-align-left u-clearfix u-image u-section-4\" src=\"\" data-image-width=\"1800\" data-image-height=\"993\" id=\"sec-28e7\" style=\"background-image: url(&quot;https:\/\/gentar.hu\/mge\/wp-content\/uploads\/2022\/01\/pulyka_MGE_HERO.jpg&quot;);\">\n      <div class=\"u-clearfix u-sheet u-sheet-1\"><\/div>\n    <\/section>\n    <section class=\"u-clearfix u-custom-color-2 u-section-5\" id=\"sec-9c41\">\n      <div class=\"u-clearfix u-sheet u-sheet-1\"><\/div>\n    <\/section>\n    <section class=\"u-clearfix u-image u-section-6\" id=\"sec-851c\" data-image-width=\"1700\" data-image-height=\"1000\" style=\"background-image: url(&quot;https:\/\/gentar.hu\/mge\/wp-content\/uploads\/2021\/12\/contact_bkgd.jpg&quot;);\">\n      <div class=\"u-clearfix u-sheet u-valign-middle u-sheet-1\">\n        <div class=\"data-layout-selected u-clearfix u-expanded-width u-gutter-30 u-layout-wrap u-layout-wrap-1\">\n          <div class=\"u-gutter-0 u-layout\">\n            <div class=\"u-layout-row\">\n              <div class=\"u-size-30\">\n                <div class=\"u-layout-col\">\n                  <div class=\"u-container-style u-layout-cell u-left-cell u-size-30 u-layout-cell-1\">\n                    <div class=\"u-container-layout u-container-layout-1\">\n                      <h2 class=\"u-text u-text-body-alt-color u-text-1\"><b>Magyar Haszon\u00e1llat-g\u00e9nmeg\u0151rz\u0151 Egyes\u00fclet<\/b>\n                      <\/h2>\n                      <p class=\"u-text u-text-body-alt-color u-text-2\">2114 Valk\u00f3<br>Szabads\u00e1g \u00fat 137.<br><span class=\"u-file-icon u-icon u-icon-1\"><img decoding=\"async\" src=\"https:\/\/gentar.hu\/mge\/wp-content\/uploads\/2021\/12\/call-outgoing-white.svg\" alt=\"\"><\/span>&nbsp;+36 28 634 146<br><span class=\"u-file-icon u-icon\"><img decoding=\"async\" src=\"https:\/\/gentar.hu\/mge\/wp-content\/uploads\/2021\/12\/envelope_white.svg\" alt=\"\"><\/span>\n                        <a href=\"mailto:okoforrasalapitvany@gmail.com?subject=%C3%9Czenet%20a%20honlapr%C3%B3l\" class=\"u-active-none u-border-none u-btn u-button-link u-button-style u-hover-none u-none u-text-body-alt-color u-btn-1\">&nbsp; mge.iroda@gmail.com<br>\n                        <\/a>\n                      <\/p>\n                    <\/div>\n                  <\/div>\n                  <div class=\"u-align-left u-container-style u-layout-cell u-left-cell u-size-30 u-layout-cell-2\">\n                    <div class=\"u-container-layout u-container-layout-2\">\n                      <div class=\"u-social-icons u-spacing-20 u-social-icons-1\">\n                        <a class=\"u-social-url\" target=\"_blank\" href=\"\"><span class=\"u-icon u-icon-circle u-social-facebook u-social-icon u-text-white u-icon-3\"><svg class=\"u-svg-link\" preserveAspectRatio=\"xMidYMin slice\" viewBox=\"0 0 112.2 112.2\"><use xmlns:xlink=\"http:\/\/www.w3.org\/1999\/xlink\" xlink:href=\"#svg-05cd\"><\/use><\/svg><svg x=\"0px\" y=\"0px\" viewBox=\"0 0 112.2 112.2\" style=\"enable-background:new 0 0 112.2 112.2;\" id=\"svg-05cd\" class=\"u-svg-content\"><path d=\"M56.1,0C25.1,0,0,25.1,0,56.1c0,31,25.1,56.1,56.1,56.1c31,0,56.1-25.1,56.1-56.1C112.2,25.1,87.1,0,56.1,0z M71.6,34.3h-8.2c-1.3,0-3.2,0.7-3.2,3.5v7.6h11.3l-1.3,12.9h-10V95H45V58.3h-7.2V45.4H45v-8.3c0-6,2.8-15.3,15.3-15.3l11.2,0V34.3z \"><\/path><\/svg><\/span>\n                        <\/a>\n                        <a class=\"u-social-url\" target=\"_blank\" href=\"\"><span class=\"u-icon u-icon-circle u-social-icon u-social-twitter u-text-white u-icon-4\"><svg class=\"u-svg-link\" preserveAspectRatio=\"xMidYMin slice\" viewBox=\"0 0 112.2 112.2\"><use xmlns:xlink=\"http:\/\/www.w3.org\/1999\/xlink\" xlink:href=\"#svg-ed78\"><\/use><\/svg><svg x=\"0px\" y=\"0px\" viewBox=\"0 0 112.2 112.2\" style=\"enable-background:new 0 0 112.2 112.2;\" id=\"svg-ed78\" class=\"u-svg-content\"><path d=\"M56.1,0C25.1,0,0,25.1,0,56.1s25.1,56.1,56.1,56.1s56.1-25.1,56.1-56.1S87.1,0,56.1,0z M83.8,47.3 c0,0.6,0,1.2,0,1.7c0,17.7-13.5,38.2-38.2,38.2c-7.6,0-14.6-2.2-20.6-6c1,0.1,2.1,0.2,3.2,0.2c6.3,0,12.1-2.1,16.7-5.7 c-5.9-0.1-10.8-4-12.5-9.3c0.8,0.2,1.7,0.2,2.5,0.2c1.2,0,2.4-0.2,3.5-0.5c-6.1-1.2-10.8-6.7-10.8-13.1c0-0.1,0-0.1,0-0.2 c1.8,1,3.9,1.6,6.1,1.7c-3.6-2.4-6-6.5-6-11.2c0-2.5,0.7-4.8,1.8-6.7c6.6,8.1,16.5,13.5,27.6,14c-0.2-1-0.3-2-0.3-3.1 c0-7.4,6-13.4,13.4-13.4c3.9,0,7.3,1.6,9.8,4.2c3.1-0.6,5.9-1.7,8.5-3.3c-1,3.1-3.1,5.8-5.9,7.4c2.7-0.3,5.3-1,7.7-2.1 C88.7,43,86.4,45.4,83.8,47.3z\"><\/path><\/svg><\/span>\n                        <\/a>\n                        <a class=\"u-social-url\" target=\"_blank\" href=\"\"><span class=\"u-icon u-icon-circle u-social-icon u-social-instagram u-text-white u-icon-5\"><svg class=\"u-svg-link\" preserveAspectRatio=\"xMidYMin slice\" viewBox=\"0 0 112.2 112.2\"><use xmlns:xlink=\"http:\/\/www.w3.org\/1999\/xlink\" xlink:href=\"#svg-556d\"><\/use><\/svg><svg x=\"0px\" y=\"0px\" viewBox=\"0 0 112.2 112.2\" style=\"enable-background:new 0 0 112.2 112.2;\" id=\"svg-556d\" class=\"u-svg-content\"><path d=\"M56.1,0C25.1,0,0,25.1,0,56.1c0,31,25.1,56.1,56.1,56.1c31,0,56.1-25.1,56.1-56.1C112.2,25.1,87.1,0,56.1,0z M90.6,73.4c0,9.6-7.8,17.5-17.5,17.5H38.6c-9.6,0-17.5-7.9-17.5-17.6V38.8c0-9.6,7.8-17.5,17.5-17.5h34.5c9.6,0,17.5,7.8,17.5,17.5 V73.4z\"><\/path><path d=\"M73.1,28.9H38.6c-5.4,0-9.9,4.4-9.9,9.9v34.5c0,5.4,4.4,9.9,9.9,9.9h34.5c5.4,0,9.9-4.4,9.9-9.9V38.8 C83,33.4,78.6,28.9,73.1,28.9z M55.9,74C46,74,38,66,38,56.1c0-9.9,8-17.9,17.9-17.9c9.9,0,17.9,8,17.9,17.9 C73.8,66,65.8,74,55.9,74z M74.3,41.9c-2.3,0-4.2-1.9-4.2-4.2s1.9-4.2,4.2-4.2c2.3,0,4.2,1.9,4.2,4.2S76.6,41.9,74.3,41.9z\"><\/path><path d=\"M55.9,45.8c-5.7,0-10.4,4.6-10.3,10.3c0,5.7,4.6,10.3,10.3,10.3s10.3-4.6,10.3-10.3 C66.2,50.4,61.6,45.8,55.9,45.8z\"><\/path><\/svg><\/span>\n                        <\/a>\n                        <a class=\"u-social-url\" target=\"_blank\" href=\"\"><span class=\"u-icon u-icon-circle u-social-google u-social-icon u-text-white u-icon-6\"><svg class=\"u-svg-link\" preserveAspectRatio=\"xMidYMin slice\" viewBox=\"0 0 112.2 112.2\"><use xmlns:xlink=\"http:\/\/www.w3.org\/1999\/xlink\" xlink:href=\"#svg-af15\"><\/use><\/svg><svg x=\"0px\" y=\"0px\" viewBox=\"0 0 112.2 112.2\" style=\"enable-background:new 0 0 112.2 112.2;\" id=\"svg-af15\" class=\"u-svg-content\"><path d=\"M56.1,0C25.1,0,0,25.1,0,56.1s25.1,56.1,56.1,56.1c31,0,56.1-25.1,56.1-56.1S87.1,0,56.1,0z M60.1,73.8 c-5.7,7.4-16.3,9.5-24.9,6.6c-9.1-3-15.8-12.2-15.6-21.9c-0.5-11.9,10-22.9,21.9-23.1c6.1-0.5,12,1.8,16.6,5.7 c-1.9,2.1-3.8,4.1-5.9,6.1c-4.1-2.5-8.9-4.3-13.7-2.7c-7.6,2.2-12.3,11.2-9.4,18.7c2.3,7.8,11.8,12.1,19.3,8.8 c3.9-1.4,6.4-4.9,7.5-8.8c-4.4-0.1-8.8,0-13.3-0.2c0-2.6,0-5.2,0-7.9c7.4,0,14.7,0,22.1,0C65.2,61.8,64.2,68.7,60.1,73.8z M92.3,61.9c-2.2,0-4.4,0-6.6,0c0,2.2,0,4.4,0,6.6c-2.2,0-4.4,0-6.6,0c0-2.2,0-4.4,0-6.6c-2.2,0-4.4,0-6.6,0c0-2.2,0-4.4,0-6.6 c2.2,0,4.4,0,6.6,0c0-2.2,0-4.4,0.1-6.6c2.2,0,4.4,0,6.6,0c0,2.2,0,4.4,0,6.6c2.2,0,4.4,0,6.6,0C92.3,57.5,92.3,59.7,92.3,61.9z\"><\/path><\/svg><\/span>\n                        <\/a>\n                      <\/div>\n                      <p class=\"u-text u-text-body-alt-color u-text-3\">\u00a92021 Magyar Haszon\u00e1llat G\u00e9nmeg\u0151rz\u0151 Egyes\u00fclet<\/p>\n                    <\/div>\n                  <\/div>\n                <\/div>\n              <\/div>\n              <div class=\"u-size-30\">\n                <div class=\"u-layout-row\">\n                  <div class=\"u-align-center u-container-style u-layout-cell u-right-cell u-size-60 u-layout-cell-3\">\n                    <div class=\"u-container-layout u-container-layout-3\">\n                      <h2 class=\"u-custom-font u-font-oswald u-text u-text-body-alt-color u-text-4\">K\u00e9rd\u00e9se van?<br>Tudatna vel\u00fcnk valamit?<br>\u00cdrjon nek\u00fcnk!\n                      <\/h2>\n                      <a href=\"mailto:mge.iroda@gmail.com?subject=Honlapl\u00e1togat\u00f3i lev\u00e9l\" class=\"u-border-1 u-border-hover-white u-border-white u-btn u-btn-round u-button-style u-custom-color-25 u-hover-custom-color-26 u-radius u-btn-2\">E-Mail<\/a>\n                    <\/div>\n                  <\/div>\n                <\/div>\n              <\/div>\n            <\/div>\n          <\/div>\n        <\/div>\n      <\/div>\n    <\/section>\n    <section class=\"u-align-center u-clearfix u-custom-color-2 u-section-7\" id=\"carousel_3ec7\">\n      <div class=\"u-clearfix u-sheet u-valign-middle u-sheet-1\"><\/div>\n    <\/section>\n    \n    \n    \n  \n","protected":false},"excerpt":{"rendered":"<p>A Magyar Haszon\u00e1llat-G\u00e9nmeg\u0151rz\u0151 Egyes\u00fclet (MGE) 1997 \u00f3ta (alap\u00edt\u00f3i nev\u00e9n Magyar Kis\u00e1llatnemes\u00edt\u0151k G\u00e9nmeg\u0151rz\u0151 Egyes\u00fclete) v\u00e9gez g\u00e9nmeg\u0151rz\u00e9si, fajtafenntart\u00e1si tev\u00e9kenys\u00e9get. A r\u00e9gi magyar baromfifajt\u00e1k teny\u00e9szt\u0151 szervezetek\u00e9nt ir\u00e1ny\u00edtja 7 ty\u00fak, 2 pulyka, 1 gy\u00f6ngyty\u00fak, 2 l\u00fad, \u00e9s 2 kacsafajta elit \u00e1llom\u00e1nyainak g\u00e9nmeg\u0151rz\u00e9si, fajtafenntart\u00e1si, g\u00e9nment\u00e9si, t\u00f6rzsk\u00f6nyvez\u00e9si \u00e9s nyilv\u00e1ntart\u00e1si tev\u00e9kenys\u00e9g\u00e9t. 2000-es \u00e9vek elej\u00e9t\u0151l sz\u00e1mos faluprogram keret\u00e9ben juttatott vissza r\u00e9gi magyar baromfifajt\u00e1kat &hellip; <a href=\"https:\/\/gentar.hu\/mge\/\" class=\"more-link\">Continue reading<span class=\"screen-reader-text\"> &#8222;F\u0150OLDAL&#8221;<\/span><\/a><\/p>\n","protected":false},"author":1,"featured_media":0,"parent":0,"menu_order":1,"comment_status":"closed","ping_status":"closed","template":"","meta":{"footnotes":""},"class_list":["post-38","page","type-page","status-publish","hentry"],"_links":{"self":[{"href":"https:\/\/gentar.hu\/mge\/wp-json\/wp\/v2\/pages\/38","targetHints":{"allow":["GET"]}}],"collection":[{"href":"https:\/\/gentar.hu\/mge\/wp-json\/wp\/v2\/pages"}],"about":[{"href":"https:\/\/gentar.hu\/mge\/wp-json\/wp\/v2\/types\/page"}],"author":[{"embeddable":true,"href":"https:\/\/gentar.hu\/mge\/wp-json\/wp\/v2\/users\/1"}],"replies":[{"embeddable":true,"href":"https:\/\/gentar.hu\/mge\/wp-json\/wp\/v2\/comments?post=38"}],"version-history":[{"count":20,"href":"https:\/\/gentar.hu\/mge\/wp-json\/wp\/v2\/pages\/38\/revisions"}],"predecessor-version":[{"id":648,"href":"https:\/\/gentar.hu\/mge\/wp-json\/wp\/v2\/pages\/38\/revisions\/648"}],"wp:attachment":[{"href":"https:\/\/gentar.hu\/mge\/wp-json\/wp\/v2\/media?parent=38"}],"curies":[{"name":"wp","href":"https:\/\/api.w.org\/{rel}","templated":true}]}}