{"id":391,"date":"2024-04-22T23:44:59","date_gmt":"2024-04-22T23:44:59","guid":{"rendered":"https:\/\/gentar.hu\/mge\/?page_id=391"},"modified":"2024-04-25T18:39:07","modified_gmt":"2024-04-25T18:39:07","slug":"ajanlott-irodalom","status":"publish","type":"page","link":"https:\/\/gentar.hu\/mge\/ajanlott-irodalom\/","title":{"rendered":"Aj\u00e1nlott irodalom"},"content":{"rendered":"\n    \n    <section class=\"u-clearfix u-section-2\" id=\"sec-54a7\">\n      <div class=\"u-clearfix u-sheet u-valign-bottom u-sheet-1\">\n        <p class=\"u-text u-text-default u-text-1\">Aj\u00e1nlott irodalom<\/p>\n      <\/div>\n    <\/section>\n    <section class=\"u-align-center u-clearfix u-section-3\" id=\"sec-223e\">\n      <div class=\"u-clearfix u-sheet u-sheet-1\">\n        <a href=\"https:\/\/gentar.hu\/mge\/wp-content\/uploads\/2024\/04\/Regimagyartyukfajtak.pdf\" class=\"u-btn u-btn-round u-button-style u-custom-color-19 u-file-link u-hover-custom-color-20 u-radius u-text-body-alt-color u-text-hover-white u-btn-1\" data-animation-name=\"\" data-animation-duration=\"0\" data-animation-delay=\"0\" data-animation-direction=\"\" target=\"_blank\">LET\u00d6LT\u00c9S&nbsp;<span class=\"u-icon u-text-white u-icon-1\"><svg class=\"u-svg-content\" viewBox=\"0 0 490.677 490.677\" x=\"0px\" y=\"0px\" style=\"width: 1em; height: 1em;\"><path d=\"M489.272,37.339c-1.92-3.307-5.44-5.333-9.259-5.333H10.68c-3.819,0-7.339,2.027-9.259,5.333    c-1.899,3.307-1.899,7.36,0.021,10.667l234.667,405.333c1.899,3.307,5.419,5.333,9.237,5.333s7.339-2.027,9.237-5.333 L489.251,48.005C491.149,44.72,491.149,40.645,489.272,37.339z\"><\/path><\/svg><\/span>\n        <\/a>\n        <p class=\"u-align-left u-text u-text-1\">\n          <a class=\"u-active-none u-border-none u-btn u-button-link u-button-style u-file-link u-hover-none u-none u-text-grey-75 u-btn-2\" href=\"https:\/\/gentar.hu\/mge\/wp-content\/uploads\/2024\/04\/Regimagyartyukfajtak.pdf\" target=\"_blank\"> &nbsp;\u200bRe\u0301gi magyar tyu\u0301kfajta\u0301k<\/a>\n        <\/p>\n        <a href=\"https:\/\/gentar.hu\/mge\/wp-content\/uploads\/2024\/04\/Abaromfifajtakkulsotesttajaiesatolltakaroreszei.pdf\" class=\"u-btn u-btn-round u-button-style u-custom-color-19 u-file-link u-hover-custom-color-20 u-radius u-text-body-alt-color u-text-hover-white u-btn-3\" data-animation-name=\"\" data-animation-duration=\"0\" data-animation-delay=\"0\" data-animation-direction=\"\" target=\"_blank\">LET\u00d6LT\u00c9S&nbsp;<span class=\"u-icon u-text-white u-icon-2\"><svg class=\"u-svg-content\" viewBox=\"0 0 490.677 490.677\" x=\"0px\" y=\"0px\" style=\"width: 1em; height: 1em;\"><path d=\"M489.272,37.339c-1.92-3.307-5.44-5.333-9.259-5.333H10.68c-3.819,0-7.339,2.027-9.259,5.333    c-1.899,3.307-1.899,7.36,0.021,10.667l234.667,405.333c1.899,3.307,5.419,5.333,9.237,5.333s7.339-2.027,9.237-5.333 L489.251,48.005C491.149,44.72,491.149,40.645,489.272,37.339z\"><\/path><\/svg><\/span>\n        <\/a>\n        <p class=\"u-align-left u-text u-text-2\">\n          <a class=\"u-active-none u-border-none u-btn u-button-link u-button-style u-file-link u-hover-none u-none u-text-grey-75 u-btn-4\" href=\"https:\/\/gentar.hu\/mge\/wp-content\/uploads\/2024\/04\/Abaromfifajtakkulsotesttajaiesatolltakaroreszei.pdf\" target=\"_blank\"> &nbsp;\u200bA baromfifajta\u0301k ku\u0308lso\u030b testta\u0301jai e\u0301s a tolltakaro\u0301 re\u0301szei<\/a>\n        <\/p>\n        <div class=\"u-border-1 u-border-grey-dark-1 u-line u-line-horizontal u-line-1\"><\/div>\n      <\/div>\n    <\/section>\n    <section class=\"u-clearfix u-section-4\" id=\"sec-7343\">\n      <div class=\"u-clearfix u-sheet u-sheet-1\"><\/div>\n    <\/section>\n    <section class=\"u-clearfix u-section-5\" id=\"sec-bfa3\">\n      <div class=\"u-clearfix u-sheet u-sheet-1\">\n        <div class=\"u-expanded-width u-table u-table-responsive u-table-1\">\n          <table class=\"u-table-entity\">\n            <colgroup>\n              <col width=\"49.3%\">\n              <col width=\"50.7%\">\n            <\/colgroup>\n            <tbody class=\"u-table-alt-custom-color-9 u-table-body u-table-body-1\">\n              <tr style=\"height: 89px;\">\n                <td class=\"u-table-cell\"> Bakoss L\u00e1szl\u00f3 (1931)&nbsp;<br>\n                  <span style=\"font-weight: 700;\">Gazdas\u00e1gi baromfiteny\u00e9szt\u00e9s<\/span>\n                  <br>2. kiad\u00e1s.&nbsp;\n                <\/td>\n                <td class=\"u-table-cell\"> Cs\u00e1thy Ferenc Egyetemi K\u00f6nyvkeresked\u00e9s \u00e9s Irodalmi V\u00e1llalat Rt.,\nBudapest\u2013Debrecen<\/td>\n              <\/tr>\n              <tr style=\"height: 65px;\">\n                <td class=\"u-table-cell\"> B\u00e1ldy B\u00e1lint (1946)&nbsp;<br>\n                  <span style=\"font-weight: 700;\">A baromfiteny\u00e9szt\u00e9s elm\u00e9lete \u00e9s gyakorlati\n\u00fatmutat\u00e1sai<\/span>\n                <\/td>\n                <td class=\"u-table-cell\">\u201cP\u00e1tria\u201d Irodalmi V\u00e1llalat \u00e9s Nyomdai R\u00e9szv\u00e9nyt\u00e1rsas\u00e1g, Budapest<\/td>\n              <\/tr>\n              <tr style=\"height: 65px;\">\n                <td class=\"u-table-cell\">B\u00e1ldy B\u00e1lint (1954<br>\n                  <span style=\"font-weight: 700;\">A baromfi teny\u00e9szt\u00e9se<\/span>\n                <\/td>\n                <td class=\"u-table-cell\">Mez\u0151gazdas\u00e1gi Kiad\u00f3, Budapest <\/td>\n              <\/tr>\n              <tr style=\"height: 119px;\">\n                <td class=\"u-table-cell\">B\u00e1ldy B\u00e1lint (1958)<br>\n                  <span style=\"font-weight: 700;\">H\u00e1zimadarak&nbsp;<\/span>\n                  <br>In: Magyarorsz\u00e1g \u00e1llatvil\u00e1ga. XXI.\nk\u00f6tet,&nbsp;<br>Aves \u2013 Madarak. Szerk.: Sz\u00e9kessy V., \n                <\/td>\n                <td class=\"u-table-cell\"> Akad\u00e9miai Kiad\u00f3, Budapest<\/td>\n              <\/tr>\n              <tr style=\"height: 119px;\">\n                <td class=\"u-table-cell\"> B\u00e1ldy B\u00e1lint, Beke L\u00e1szl\u00f3, Biszkup Ferenc, Lacza B\u00e9la, N\u00e9meth J\u00f3zsefn\u00e9,\nP\u00e1pai G\u00e1bor, Wettstein Ferenc (1955)&nbsp;<br>\n                  <span style=\"font-weight: 700;\">Baromfiteny\u00e9szt\u00e9s<\/span>\n                  <br>In: \u00c1llatteny\u00e9szt\u0151k\nk\u00e9zik\u00f6nyve. Szerk. Kecsk\u00e9s S., Mentler L. \u00e9s N\u00e9meth B.&nbsp;\n                <\/td>\n                <td class=\"u-table-cell\"> Mez\u0151gazdas\u00e1gi Kiad\u00f3, Budapest<\/td>\n              <\/tr>\n              <tr style=\"height: 65px;\">\n                <td class=\"u-table-cell\"> Beivinkler Vilmos (1899)<br>\n                  <span style=\"font-weight: 700;\">Fajbaromfi teny\u00e9szt\u00e9s<\/span>\n                <\/td>\n                <td class=\"u-table-cell\"> Az Orsz\u00e1gos Magyar Gazdas\u00e1gi Egyes\u00fclet K\u00f6nyvkiad\u00f3 V\u00e1llalata \u00e9s a P\u00e1tria\nR\u00e9szv\u00e9nyt\u00e1rsas\u00e1g Nyomd\u00e1ja, Budapest<\/td>\n              <\/tr>\n              <tr style=\"height: 89px;\">\n                <td class=\"u-table-cell\"> Biszkup\n  Ferenc \u00e9s Beke L\u00e1szl\u00f3 (1951)&nbsp;<br>\n                  <span style=\"font-weight: 700;\">A magyar\u00f3v\u00e1ri s\u00e1rga magyar\n  t\u00e1jfajta ty\u00fak kiteny\u00e9szt\u00e9s\u00e9nek m\u00f3dszerei \u00e9s eredm\u00e9nyei.<\/span>&nbsp;\n                <\/td>\n                <td class=\"u-table-cell\"> Agr\u00e1rtudom\u00e1ny:III(9)\n  461\u2013467. <\/td>\n              <\/tr>\n              <tr style=\"height: 65px;\">\n                <td class=\"u-table-cell\">B\u00f6gre\n  J\u00e1nos (szerk.) (1968)&nbsp;<br>\n                  <span style=\"font-weight: 700;\">Kacsa-, l\u00fad-, pulyka- \u00e9s gy\u00f6ngyty\u00fakteny\u00e9szt\u00e9s\n  k\u00e9zik\u00f6nyve<\/span>\n                <\/td>\n                <td class=\"u-table-cell\"> Mez\u0151gazdas\u00e1gi\n  K\u00f6nyvkiad\u00f3, Budapest. 339 p. <\/td>\n              <\/tr>\n              <tr style=\"height: 65px;\">\n                <td class=\"u-table-cell\"> Csuk\u00e1s\n  Zolt\u00e1n (1935)&nbsp;<br>\n                  <span style=\"font-weight: 700;\">A gazdas\u00e1gi baromfiak teny\u00e9szt\u00e9se<\/span>\n                <\/td>\n                <td class=\"u-table-cell\"> \u201cP\u00e1tria\u201d\n  Irodalmi V\u00e1llalat \u00e9s Nyomdai R\u00e9szv\u00e9nyt\u00e1rsas\u00e1g, Budapest. <\/td>\n              <\/tr>\n              <tr style=\"height: 67px;\">\n                <td class=\"u-table-cell\"> Csuk\u00e1s\n  Zolt\u00e1n (1955)&nbsp;<br>\n                  <span style=\"font-weight: 700;\">Baromfiteny\u00e9szt\u00e9s<\/span>\n                <\/td>\n                <td class=\"u-table-cell\"> Mez\u0151gazdas\u00e1gi\n  Kiad\u00f3, Budapest, <\/td>\n              <\/tr>\n              <tr style=\"height: 65px;\">\n                <td class=\"u-table-cell u-table-cell-21\">Fajtajellegle\u00edr\u00e1sa\n  a Magyarorsz\u00e1gon leggyakrabban el\u00f5fordul\u00f3 baromfifajt\u00e1knak (1932)&nbsp; <\/td>\n                <td class=\"u-table-cell\"> \u201cP\u00e1tria\u201d\n  Irodalmi V\u00e1llalat \u00e9s Nyomdai R\u00e9szv\u00e9nyt\u00e1rsas\u00e1g, Budapest. <\/td>\n              <\/tr>\n              <tr style=\"height: 65px;\">\n                <td class=\"u-table-cell\">G\u00e1sp\u00e1r\n  J\u00f3zsef (1891)&nbsp;<br>\n                  <span style=\"font-weight: 700;\">Baromfi teny\u00e9szt\u00e9s<\/span>\n                <\/td>\n                <td class=\"u-table-cell\"> G\u00e1m\u00e1n\n  J\u00e1nos \u00f6r\u00f6k\u00f6sei, Kolozsv\u00e1r. <\/td>\n              <\/tr>\n              <tr style=\"height: 65px;\">\n                <td class=\"u-table-cell\"> Hank\u00f3\n  B\u00e9la (1940)&nbsp;<br>\n                  <span style=\"font-weight: 700;\">\u0150si magyar h\u00e1zi\u00e1llataink<\/span>\n                <\/td>\n                <td class=\"u-table-cell\"> Alf\u00f6ldi\n  Magvet\u0151 sorozat, Debrecen. <\/td>\n              <\/tr>\n              <tr style=\"height: 65px;\">\n                <td class=\"u-table-cell\">Horn\n  Art\u00far (1955)&nbsp;<br>\n                  <span style=\"font-weight: 700;\">\u00c1ltal\u00e1nos \u00e1llatteny\u00e9szt\u00e9s<\/span>\n                <\/td>\n                <td class=\"u-table-cell\"> Mez\u0151gazdas\u00e1gi\n  Kiad\u00f3, Budapest. <\/td>\n              <\/tr>\n              <tr style=\"height: 65px;\">\n                <td class=\"u-table-cell\">Horn\n  Art\u00far (szerk.) (1976)<br>\n                  <span style=\"font-weight: 700;\">\u00c1llatteny\u00e9szt\u00e9s 1-3.&nbsp; <\/span>\n                <\/td>\n                <td class=\"u-table-cell\"> Mez\u0151gazdas\u00e1gi\n  Kiad\u00f3, Budapest <\/td>\n              <\/tr>\n            <\/tbody>\n          <\/table>\n        <\/div>\n        <a href=\"https:\/\/gentar.hu\/mge\/ajanlott-irodalom-2\/\" class=\"u-border-none u-btn u-btn-round u-button-style u-custom-color-24 u-hover-custom-color-20 u-radius u-btn-1\">K\u00d6VETKEZ\u0150 OLDAL<span class=\"u-icon u-text-white u-icon-1\"><svg class=\"u-svg-content\" viewBox=\"0 0 512 512\" x=\"0px\" y=\"0px\" style=\"width: 1em; height: 1em;\"><path d=\"M506.134,241.843c-0.006-0.006-0.011-0.013-0.018-0.019l-104.504-104c-7.829-7.791-20.492-7.762-28.285,0.068 c-7.792,7.829-7.762,20.492,0.067,28.284L443.558,236H20c-11.046,0-20,8.954-20,20c0,11.046,8.954,20,20,20h423.557 l-70.162,69.824c-7.829,7.792-7.859,20.455-0.067,28.284c7.793,7.831,20.457,7.858,28.285,0.068l104.504-104 c0.006-.006,0.011-.013,0.018-.019C513.968,262.339,513.943,249.635,506.134,241.843z\"><\/path><\/svg><\/span>\n        <\/a>\n      <\/div>\n    <\/section>\n    \n    \n    \n  \n","protected":false},"excerpt":{"rendered":"<p>Aj\u00e1nlott irodalom LET\u00d6LT\u00c9S&nbsp; &nbsp;\u200bRe\u0301gi magyar tyu\u0301kfajta\u0301k LET\u00d6LT\u00c9S&nbsp; &nbsp;\u200bA baromfifajta\u0301k ku\u0308lso\u030b testta\u0301jai e\u0301s a tolltakaro\u0301 re\u0301szei Bakoss L\u00e1szl\u00f3 (1931)&nbsp; Gazdas\u00e1gi baromfiteny\u00e9szt\u00e9s 2. kiad\u00e1s.&nbsp; Cs\u00e1thy Ferenc Egyetemi K\u00f6nyvkeresked\u00e9s \u00e9s Irodalmi V\u00e1llalat Rt., Budapest\u2013Debrecen B\u00e1ldy B\u00e1lint (1946)&nbsp; A baromfiteny\u00e9szt\u00e9s elm\u00e9lete \u00e9s gyakorlati \u00fatmutat\u00e1sai \u201cP\u00e1tria\u201d Irodalmi V\u00e1llalat \u00e9s Nyomdai R\u00e9szv\u00e9nyt\u00e1rsas\u00e1g, Budapest B\u00e1ldy B\u00e1lint (1954 A baromfi teny\u00e9szt\u00e9se Mez\u0151gazdas\u00e1gi Kiad\u00f3, &hellip; <a href=\"https:\/\/gentar.hu\/mge\/ajanlott-irodalom\/\" class=\"more-link\">Continue reading<span class=\"screen-reader-text\"> &#8222;Aj\u00e1nlott irodalom&#8221;<\/span><\/a><\/p>\n","protected":false},"author":1,"featured_media":0,"parent":0,"menu_order":0,"comment_status":"closed","ping_status":"closed","template":"","meta":{"footnotes":""},"class_list":["post-391","page","type-page","status-publish","hentry"],"_links":{"self":[{"href":"https:\/\/gentar.hu\/mge\/wp-json\/wp\/v2\/pages\/391","targetHints":{"allow":["GET"]}}],"collection":[{"href":"https:\/\/gentar.hu\/mge\/wp-json\/wp\/v2\/pages"}],"about":[{"href":"https:\/\/gentar.hu\/mge\/wp-json\/wp\/v2\/types\/page"}],"author":[{"embeddable":true,"href":"https:\/\/gentar.hu\/mge\/wp-json\/wp\/v2\/users\/1"}],"replies":[{"embeddable":true,"href":"https:\/\/gentar.hu\/mge\/wp-json\/wp\/v2\/comments?post=391"}],"version-history":[{"count":15,"href":"https:\/\/gentar.hu\/mge\/wp-json\/wp\/v2\/pages\/391\/revisions"}],"predecessor-version":[{"id":570,"href":"https:\/\/gentar.hu\/mge\/wp-json\/wp\/v2\/pages\/391\/revisions\/570"}],"wp:attachment":[{"href":"https:\/\/gentar.hu\/mge\/wp-json\/wp\/v2\/media?parent=391"}],"curies":[{"name":"wp","href":"https:\/\/api.w.org\/{rel}","templated":true}]}}