{"id":40,"date":"2021-12-08T01:19:20","date_gmt":"2021-12-08T01:19:20","guid":{"rendered":"https:\/\/gentar.hu\/mge\/genmentes\/"},"modified":"2025-03-24T11:42:54","modified_gmt":"2025-03-24T11:42:54","slug":"genmentes","status":"publish","type":"page","link":"https:\/\/gentar.hu\/mge\/genmentes\/","title":{"rendered":"G\u00c9NMENT\u00c9S"},"content":{"rendered":"\n    \n    <section class=\"u-clearfix u-custom-color-10 u-section-2\" id=\"sec-40ce\">\n      <div class=\"u-clearfix u-sheet u-sheet-1\">\n        <h3 class=\"u-text u-text-1\"> Erd\u00e9lyi tarka pulyka<\/h3>\n        <div class=\"custom-expanded data-layout-selected u-align-center u-clearfix u-layout-wrap u-layout-wrap-1\">\n          <div class=\"u-gutter-0 u-layout\">\n            <div class=\"u-layout-col\">\n              <div class=\"u-size-20\">\n                <div class=\"u-layout-row\">\n                  <div class=\"u-align-left u-container-style u-layout-cell u-size-60 u-layout-cell-1\">\n                    <div class=\"u-container-layout u-container-layout-1\"><\/div>\n                  <\/div>\n                <\/div>\n              <\/div>\n              <div class=\"u-size-20\">\n                <div class=\"u-layout-row\">\n                  <div class=\"u-container-style u-layout-cell u-size-60 u-layout-cell-2\">\n                    <div class=\"u-container-layout u-container-layout-2\">\n                      <p class=\"u-text u-text-default u-text-2\"> Erd\u00e9lyben a pulyk\u00e1t nem fajt\u00e1k, hanem sz\u00edn\u00fck szerint k\u00fcl\u00f6nb\u00f6ztetik meg: feh\u00e9r, fekete, h\u00e1rom sz\u00edn\u0171 vagy tarka, cirmos (v\u00f6rhenyes feh\u00e9r), t\u00e9gl\u00e1s (bronz sz\u00edn\u0171).&nbsp;\nUdvarhelysz\u00e9ken azt tartj\u00e1k, hogy a pulyk\u00e1nak t\u00e1gas mez\u0151 vagy tarl\u00f3 kell, ahol szabadon legel\u00e9szhet, bogar\u00e1szhat. S\u00e1ska, cserebog\u00e1r, bund\u00e1sbog\u00e1r \u00f6sszeszed\u00e9s\u00e9vel sok hasznot hajt, de a kukoric\u00e1sban k\u00e1rt is tud tenni. A mai erd\u00e9lyi, sz\u00e9kely ember kezd lassan r\u00e1\u00e9bredni arra, hogy a nagysz\u00fclei \u00e1ltal tartott \u201eparaszt\u201d pulyk\u00e1k igaz nem \u00e9rik el a huszon-egyn\u00e9h\u00e1ny kil\u00f3t, de ellen\u00e1l\u00f3s\u00e1gukkal, elevens\u00e9g\u00fckkel, sz\u00e9ps\u00e9g\u00fckkel \u00e9s nem utols\u00f3 sorban fens\u00e9ges \u201cvadas\u201d \u00edz\u00fckkel messze fel\u00fclm\u00falj\u00e1k napjaink modern hibridjeit. Az erd\u00e9lyi ember valamikor nagyon kedvelte az \u00e1ltala csak \u201eparaszt\u201d pulyk\u00e1nak nevezett erd\u00e9lyi tarka pulyk\u00e1t. Tette ezt olyan \u00e9sz\u00e9rvek ment\u00e9n, mint betegs\u00e9gekkel szembeni rendk\u00edv\u00fcli rezisztenci\u00e1ja, \u00e9lelemmel szembeni ig\u00e9nytelens\u00e9ge, j\u00f3 t\u00e9l\u00e1ll\u00f3 k\u00e9pess\u00e9ge, korai toj\u00e1stermel\u0151 \u00f6szt\u00f6ne, megb\u00edzhat\u00f3 kotl\u00e1si hajlama \u00e9s term\u00e9szetesen \u00edzletes h\u00fasa miatt.&nbsp;<\/p>\n                    <\/div>\n                  <\/div>\n                <\/div>\n              <\/div>\n              <div class=\"u-size-20\">\n                <div class=\"u-layout-row\">\n                  <div class=\"u-container-style u-layout-cell u-size-60 u-layout-cell-3\">\n                    <div class=\"u-container-layout u-valign-top u-container-layout-3\">\n                      <div class=\"u-gallery u-layout-grid u-lightbox u-no-transition u-show-text-on-hover u-gallery-1\">\n                        <div class=\"u-gallery-inner u-gallery-inner-1\">\n                          <div class=\"u-effect-fade u-gallery-item\">\n                            <div class=\"u-back-slide\" data-image-width=\"1100\" data-image-height=\"619\">\n                              <img decoding=\"async\" class=\"u-back-image u-expanded\" src=\"https:\/\/gentar.hu\/mge\/wp-content\/uploads\/2022\/01\/tarkapulyka_01.jpg\">\n                            <\/div>\n                            <div class=\"u-over-slide u-shading u-over-slide-1\"><\/div>\n                          <\/div>\n                        <\/div>\n                      <\/div>\n                    <\/div>\n                  <\/div>\n                <\/div>\n              <\/div>\n            <\/div>\n          <\/div>\n        <\/div>\n      <\/div>\n    <\/section>\n    \n    \n    \n  \n","protected":false},"excerpt":{"rendered":"<p>Erd\u00e9lyi tarka pulyka Erd\u00e9lyben a pulyk\u00e1t nem fajt\u00e1k, hanem sz\u00edn\u00fck szerint k\u00fcl\u00f6nb\u00f6ztetik meg: feh\u00e9r, fekete, h\u00e1rom sz\u00edn\u0171 vagy tarka, cirmos (v\u00f6rhenyes feh\u00e9r), t\u00e9gl\u00e1s (bronz sz\u00edn\u0171).&nbsp; Udvarhelysz\u00e9ken azt tartj\u00e1k, hogy a pulyk\u00e1nak t\u00e1gas mez\u0151 vagy tarl\u00f3 kell, ahol szabadon legel\u00e9szhet, bogar\u00e1szhat. S\u00e1ska, cserebog\u00e1r, bund\u00e1sbog\u00e1r \u00f6sszeszed\u00e9s\u00e9vel sok hasznot hajt, de a kukoric\u00e1sban k\u00e1rt is tud tenni. A &hellip; <a href=\"https:\/\/gentar.hu\/mge\/genmentes\/\" class=\"more-link\">Continue reading<span class=\"screen-reader-text\"> &#8222;G\u00c9NMENT\u00c9S&#8221;<\/span><\/a><\/p>\n","protected":false},"author":1,"featured_media":0,"parent":0,"menu_order":3,"comment_status":"closed","ping_status":"closed","template":"","meta":{"footnotes":""},"class_list":["post-40","page","type-page","status-publish","hentry"],"_links":{"self":[{"href":"https:\/\/gentar.hu\/mge\/wp-json\/wp\/v2\/pages\/40","targetHints":{"allow":["GET"]}}],"collection":[{"href":"https:\/\/gentar.hu\/mge\/wp-json\/wp\/v2\/pages"}],"about":[{"href":"https:\/\/gentar.hu\/mge\/wp-json\/wp\/v2\/types\/page"}],"author":[{"embeddable":true,"href":"https:\/\/gentar.hu\/mge\/wp-json\/wp\/v2\/users\/1"}],"replies":[{"embeddable":true,"href":"https:\/\/gentar.hu\/mge\/wp-json\/wp\/v2\/comments?post=40"}],"version-history":[{"count":17,"href":"https:\/\/gentar.hu\/mge\/wp-json\/wp\/v2\/pages\/40\/revisions"}],"predecessor-version":[{"id":630,"href":"https:\/\/gentar.hu\/mge\/wp-json\/wp\/v2\/pages\/40\/revisions\/630"}],"wp:attachment":[{"href":"https:\/\/gentar.hu\/mge\/wp-json\/wp\/v2\/media?parent=40"}],"curies":[{"name":"wp","href":"https:\/\/api.w.org\/{rel}","templated":true}]}}